{"id":7453,"date":"2026-02-26T11:24:19","date_gmt":"2026-02-26T10:24:19","guid":{"rendered":"https:\/\/simpatic.cat\/?post_type=product&#038;p=7453"},"modified":"2026-03-03T14:59:35","modified_gmt":"2026-03-03T13:59:35","slug":"croissant-xxl","status":"publish","type":"product","link":"https:\/\/simpatic.cat\/es\/producto\/croissant-xxl\/","title":{"rendered":"Reto S\u00faper Croissant"},"content":{"rendered":"<h2><b>Et menjaries aquest croissant en menys de 5\u2019?<\/b><\/h2>\n<p><span style=\"font-weight: 400;\">Tenim un <\/span><b>Croissant XXL<\/b><span style=\"font-weight: 400;\">\u00a0que no est\u00e0 fet per a est\u00f3macs petits&#8230; i hem llan\u00e7at el repte definitiu per als amants del dol\u00e7 a <\/span><b>C\u00e0tering Simp\u00e0tic<\/b><span style=\"font-weight: 400;\">.<\/span><\/p>\n<p><span style=\"font-weight: 400;\">Si aconsegueixes acabar-te\u2019l en temps r\u00e8cord, et surt <\/span><b>GRATIS<\/b><span style=\"font-weight: 400;\">. S\u00ed, has llegit b\u00e9: si tu guanyes, nosaltres paguem.<\/span><\/p>\n<h3><b>L&#8217;OBJECTIU<\/b><\/h3>\n<p><span style=\"font-weight: 400;\">Menjar-te el Croissant XXL sencer en <\/span><b>menys de 5 minuts<\/b><span style=\"font-weight: 400;\">. Sense pauses. Sense excuses. Nom\u00e9s tu contra el croissant.\u00a0<\/span><\/p>\n<p><b>Important:<\/b><span style=\"font-weight: 400;\"> El repte \u00e9s <\/span><b>estrictament individual<\/b><span style=\"font-weight: 400;\">. Res de compartir; \u00e9s un duel un contra un.<\/span><\/p>\n<h3><b>EL PREMI<\/b><\/h3>\n<ul>\n<li style=\"font-weight: 400;\" aria-level=\"1\"><b>Si\u00a0ho aconsegueixes:<\/b><span style=\"font-weight: 400;\"> Et retornem els diners al moment. Vict\u00f2ria dol\u00e7a!<\/span><\/li>\n<li style=\"font-weight: 400;\" aria-level=\"1\"><b>Si no&#8230;<\/b><span style=\"font-weight: 400;\"> T\u2019emportes l\u2019experi\u00e8ncia, la panxa plena i un lloc a la nostra llista de valents, amb la possibilitat d&#8217;un v\u00eddeo viral.<\/span><\/li>\n<\/ul>\n<h3><b>CONDICIONS DEL REPTE<\/b><\/h3>\n<p><b>(Llegeix-les abans de venir-te a dalt)<\/b><\/p>\n<ol>\n<li style=\"font-weight: 400;\" aria-level=\"1\"><b>RESERVA OBLIGAT\u00d2RIA (m\u00edn. 48h):<\/b><span style=\"font-weight: 400;\"> Aquest croissant no surt d\u2019una m\u00e0quina m\u00e0gica: s\u2019enforna artesanalment sota comanda. Avisa\u2019ns amb al menys 48 hores per preparar-lo. <\/span><b><b>Pots triar el farcit que m\u00e9s et motivi!<\/b><\/b><\/li>\n<li style=\"font-weight: 400;\" aria-level=\"1\"><b>ON ES FA EL REPTE?:<\/b>\n<ul>\n<li style=\"font-weight: 400;\" aria-level=\"2\"><b>Als nostres locals:<\/b><span style=\"font-weight: 400;\"> Vine a veure\u2019ns a Sitges (Illa de Cuba 47) o Vilanova (Rambla Principal 104). Amb p\u00fablic, nervis i pressi\u00f3 en directe.<\/span><\/li>\n<li style=\"font-weight: 400;\" aria-level=\"2\"><b>A casa:<\/b><span style=\"font-weight: 400;\"> Recull-lo a la botiga i fes-ho en mode valent solitari. Perqu\u00e8 sigui v\u00e0lid, haur\u00e0s de <\/span><b>gravar-te sense talls<\/b><span style=\"font-weight: 400;\"> fent el repte i pujar-lo etiquetant a <\/span><a href=\"https:\/\/www.instagram.com\/catering_simpatic\/\" target=\"_blank\" rel=\"noopener\"><b>@catering_simpatic<\/b><\/a><span style=\"font-weight: 400;\">.<\/span><\/li>\n<\/ul>\n<\/li>\n<\/ol>\n<h3><b>VALENTS QUE JA S\u2019HI HAN ATREVIT:<\/b><\/h3>\n<ul>\n<li style=\"font-weight: 400;\" aria-level=\"1\"><span style=\"font-weight: 400;\">\u274c <\/span><b>Noa<\/b><span style=\"font-weight: 400;\"> \u2013 [<\/span><a href=\"https:\/\/www.instagram.com\/catering_simpatic\/reel\/DUI6HKdjCb8\/\" target=\"_blank\" rel=\"noopener\"><span style=\"font-weight: 400;\">Veure v\u00eddeo del repte<\/span><\/a><span style=\"font-weight: 400;\">]<\/span><\/li>\n<li style=\"font-weight: 400;\" aria-level=\"1\"><span style=\"font-weight: 400;\">\u274c <\/span><b>Cristian<\/b><span style=\"font-weight: 400;\"> \u2013 [<a href=\"https:\/\/www.instagram.com\/reel\/DVTTmRzkh-4\/\" target=\"_blank\" rel=\"noopener\">Veure v\u00eddeo del repte<\/a>]<\/span><\/li>\n<\/ul>\n<p><b>Ser\u00e0s tu el primer a aconseguir-ho?<\/b><\/p>\n","protected":false},"excerpt":{"rendered":"<p>Et menjaries aquest croissant en menys de 5\u2019? Tenim un Croissant XXL\u00a0que no est\u00e0 fet per a est\u00f3macs petits&#8230; i [&hellip;]<\/p>\n","protected":false},"featured_media":7545,"template":"","meta":{"site-sidebar-layout":"default","site-content-layout":"","ast-site-content-layout":"default","site-content-style":"default","site-sidebar-style":"default","ast-global-header-display":"","ast-banner-title-visibility":"","ast-main-header-display":"","ast-hfb-above-header-display":"","ast-hfb-below-header-display":"","ast-hfb-mobile-header-display":"","site-post-title":"","ast-breadcrumbs-content":"","ast-featured-img":"","footer-sml-layout":"","theme-transparent-header-meta":"default","adv-header-id-meta":"","stick-header-meta":"","header-above-stick-meta":"","header-main-stick-meta":"","header-below-stick-meta":"","astra-migrate-meta-layouts":"set","ast-page-background-enabled":"default","ast-page-background-meta":{"desktop":{"background-color":"var(--ast-global-color-5)","background-image":"","background-repeat":"repeat","background-position":"center center","background-size":"auto","background-attachment":"scroll","background-type":"","background-media":"","overlay-type":"","overlay-color":"","overlay-opacity":"","overlay-gradient":""},"tablet":{"background-color":"","background-image":"","background-repeat":"repeat","background-position":"center center","background-size":"auto","background-attachment":"scroll","background-type":"","background-media":"","overlay-type":"","overlay-color":"","overlay-opacity":"","overlay-gradient":""},"mobile":{"background-color":"","background-image":"","background-repeat":"repeat","background-position":"center center","background-size":"auto","background-attachment":"scroll","background-type":"","background-media":"","overlay-type":"","overlay-color":"","overlay-opacity":"","overlay-gradient":""}},"ast-content-background-meta":{"desktop":{"background-color":"var(--ast-global-color-4)","background-image":"","background-repeat":"repeat","background-position":"center center","background-size":"auto","background-attachment":"scroll","background-type":"","background-media":"","overlay-type":"","overlay-color":"","overlay-opacity":"","overlay-gradient":""},"tablet":{"background-color":"var(--ast-global-color-4)","background-image":"","background-repeat":"repeat","background-position":"center center","background-size":"auto","background-attachment":"scroll","background-type":"","background-media":"","overlay-type":"","overlay-color":"","overlay-opacity":"","overlay-gradient":""},"mobile":{"background-color":"var(--ast-global-color-4)","background-image":"","background-repeat":"repeat","background-position":"center center","background-size":"auto","background-attachment":"scroll","background-type":"","background-media":"","overlay-type":"","overlay-color":"","overlay-opacity":"","overlay-gradient":""}}},"product_brand":[],"product_cat":[39,83],"product_tag":[],"class_list":{"0":"post-7453","1":"product","2":"type-product","3":"status-publish","4":"has-post-thumbnail","6":"product_cat-safates-dolc","7":"product_cat-toda-la-carta","8":"desktop-align-left","9":"tablet-align-left","10":"mobile-align-left","12":"first","13":"instock","14":"taxable","15":"shipping-taxable","16":"purchasable","17":"product-type-simple"},"_links":{"self":[{"href":"https:\/\/simpatic.cat\/es\/wp-json\/wp\/v2\/product\/7453","targetHints":{"allow":["GET"]}}],"collection":[{"href":"https:\/\/simpatic.cat\/es\/wp-json\/wp\/v2\/product"}],"about":[{"href":"https:\/\/simpatic.cat\/es\/wp-json\/wp\/v2\/types\/product"}],"wp:featuredmedia":[{"embeddable":true,"href":"https:\/\/simpatic.cat\/es\/wp-json\/wp\/v2\/media\/7545"}],"wp:attachment":[{"href":"https:\/\/simpatic.cat\/es\/wp-json\/wp\/v2\/media?parent=7453"}],"wp:term":[{"taxonomy":"product_brand","embeddable":true,"href":"https:\/\/simpatic.cat\/es\/wp-json\/wp\/v2\/product_brand?post=7453"},{"taxonomy":"product_cat","embeddable":true,"href":"https:\/\/simpatic.cat\/es\/wp-json\/wp\/v2\/product_cat?post=7453"},{"taxonomy":"product_tag","embeddable":true,"href":"https:\/\/simpatic.cat\/es\/wp-json\/wp\/v2\/product_tag?post=7453"}],"curies":[{"name":"wp","href":"https:\/\/api.w.org\/{rel}","templated":true}]}}