{"id":6524,"date":"2025-11-07T13:09:23","date_gmt":"2025-11-07T12:09:23","guid":{"rendered":"https:\/\/simpatic.cat\/?post_type=product&#038;p=6524"},"modified":"2026-04-21T15:57:21","modified_gmt":"2026-04-21T14:57:21","slug":"safata-cheese-cake-2","status":"publish","type":"product","link":"https:\/\/simpatic.cat\/es\/producto\/safata-cheese-cake-2\/","title":{"rendered":"BANDEJA DE CHEESE CAKE"},"content":{"rendered":"<p>Bandeja de 24 mini cheesecakes de masa tierna y relleno cremoso de queso, cada uno coronado con un toque de mermelada de fresas y melocot\u00f3n que les da ese color dorado y anaranjado tan caracter\u00edstico. Textura suave y densa por dentro, con la base ligeramente dorada de la cocci\u00f3n al horno. Cada pieza viene en su propio moldecito de aluminio individual, lista para coger y comer sin necesidad de utensilios. Servidas en bandeja Simp\u00e0tic.<\/p>\n<p>Al\u00e9rgenos: huevo y lactosa.<\/p>","protected":false},"excerpt":{"rendered":"<p>Safata de 24 mini cheesecakes de massa tendra i farcit crem\u00f3s de formatge, cadascun coronat amb un toc de melmelada [&hellip;]<\/p>\n","protected":false},"featured_media":8497,"template":"","meta":{"site-sidebar-layout":"default","site-content-layout":"","ast-site-content-layout":"default","site-content-style":"default","site-sidebar-style":"default","ast-global-header-display":"","ast-banner-title-visibility":"","ast-main-header-display":"","ast-hfb-above-header-display":"","ast-hfb-below-header-display":"","ast-hfb-mobile-header-display":"","site-post-title":"","ast-breadcrumbs-content":"","ast-featured-img":"","footer-sml-layout":"","theme-transparent-header-meta":"default","adv-header-id-meta":"","stick-header-meta":"","header-above-stick-meta":"","header-main-stick-meta":"","header-below-stick-meta":"","astra-migrate-meta-layouts":"set","ast-page-background-enabled":"default","ast-page-background-meta":{"desktop":{"background-color":"var(--ast-global-color-5)","background-image":"","background-repeat":"repeat","background-position":"center center","background-size":"auto","background-attachment":"scroll","background-type":"","background-media":"","overlay-type":"","overlay-color":"","overlay-opacity":"","overlay-gradient":""},"tablet":{"background-color":"","background-image":"","background-repeat":"repeat","background-position":"center center","background-size":"auto","background-attachment":"scroll","background-type":"","background-media":"","overlay-type":"","overlay-color":"","overlay-opacity":"","overlay-gradient":""},"mobile":{"background-color":"","background-image":"","background-repeat":"repeat","background-position":"center center","background-size":"auto","background-attachment":"scroll","background-type":"","background-media":"","overlay-type":"","overlay-color":"","overlay-opacity":"","overlay-gradient":""}},"ast-content-background-meta":{"desktop":{"background-color":"var(--ast-global-color-4)","background-image":"","background-repeat":"repeat","background-position":"center center","background-size":"auto","background-attachment":"scroll","background-type":"","background-media":"","overlay-type":"","overlay-color":"","overlay-opacity":"","overlay-gradient":""},"tablet":{"background-color":"var(--ast-global-color-4)","background-image":"","background-repeat":"repeat","background-position":"center center","background-size":"auto","background-attachment":"scroll","background-type":"","background-media":"","overlay-type":"","overlay-color":"","overlay-opacity":"","overlay-gradient":""},"mobile":{"background-color":"var(--ast-global-color-4)","background-image":"","background-repeat":"repeat","background-position":"center center","background-size":"auto","background-attachment":"scroll","background-type":"","background-media":"","overlay-type":"","overlay-color":"","overlay-opacity":"","overlay-gradient":""}}},"product_brand":[],"product_cat":[39,83],"product_tag":[],"class_list":{"0":"post-6524","1":"product","2":"type-product","3":"status-publish","4":"has-post-thumbnail","6":"product_cat-safates-dolc","7":"product_cat-toda-la-carta","8":"desktop-align-left","9":"tablet-align-left","10":"mobile-align-left","12":"first","13":"instock","14":"taxable","15":"shipping-taxable","16":"purchasable","17":"product-type-simple"},"_links":{"self":[{"href":"https:\/\/simpatic.cat\/es\/wp-json\/wp\/v2\/product\/6524","targetHints":{"allow":["GET"]}}],"collection":[{"href":"https:\/\/simpatic.cat\/es\/wp-json\/wp\/v2\/product"}],"about":[{"href":"https:\/\/simpatic.cat\/es\/wp-json\/wp\/v2\/types\/product"}],"wp:featuredmedia":[{"embeddable":true,"href":"https:\/\/simpatic.cat\/es\/wp-json\/wp\/v2\/media\/8497"}],"wp:attachment":[{"href":"https:\/\/simpatic.cat\/es\/wp-json\/wp\/v2\/media?parent=6524"}],"wp:term":[{"taxonomy":"product_brand","embeddable":true,"href":"https:\/\/simpatic.cat\/es\/wp-json\/wp\/v2\/product_brand?post=6524"},{"taxonomy":"product_cat","embeddable":true,"href":"https:\/\/simpatic.cat\/es\/wp-json\/wp\/v2\/product_cat?post=6524"},{"taxonomy":"product_tag","embeddable":true,"href":"https:\/\/simpatic.cat\/es\/wp-json\/wp\/v2\/product_tag?post=6524"}],"curies":[{"name":"wp","href":"https:\/\/api.w.org\/{rel}","templated":true}]}}