{"id":6245,"date":"2024-11-11T09:30:50","date_gmt":"2024-11-11T08:30:50","guid":{"rendered":"https:\/\/simpatic.cat\/?post_type=product&#038;p=6245"},"modified":"2026-04-22T13:03:09","modified_gmt":"2026-04-22T12:03:09","slug":"bandeja-simpatico-iberica","status":"publish","type":"product","link":"https:\/\/simpatic.cat\/es\/producto\/bandeja-simpatico-iberica\/","title":{"rendered":"BANDEJA SIMP\u00c0TIC IB\u00c9RICA"},"content":{"rendered":"<p>Safata de 16 brioixos de pa tendre i esponj\u00f3s amb aquell caracter\u00edstic acabat daurat i brillant, oberts i untats amb oli i tom\u00e0quet, farcits de pernil ib\u00e8ric. La molla suau i mantequillosa del brioix absorbeix l&#8217;oli i contrasta amb el punt salat i intens de l&#8217;ib\u00e8ric que s&#8217;assoma pels costats. Una combinaci\u00f3 senzilla per\u00f2 amb molt de producte al darrere. Servits en safata Simp\u00e0tic.<\/p>\n<p>Al\u00e9rgenos: gluten, lactosa y huevo.<\/p>","protected":false},"excerpt":{"rendered":"<p>Safata de 16 brioixos de pa tendre i esponj\u00f3s amb aquell caracter\u00edstic acabat daurat i brillant, oberts i untats amb [&hellip;]<\/p>\n","protected":false},"featured_media":8488,"template":"","meta":{"site-sidebar-layout":"default","site-content-layout":"","ast-site-content-layout":"default","site-content-style":"default","site-sidebar-style":"default","ast-global-header-display":"","ast-banner-title-visibility":"","ast-main-header-display":"","ast-hfb-above-header-display":"","ast-hfb-below-header-display":"","ast-hfb-mobile-header-display":"","site-post-title":"","ast-breadcrumbs-content":"","ast-featured-img":"","footer-sml-layout":"","theme-transparent-header-meta":"default","adv-header-id-meta":"","stick-header-meta":"","header-above-stick-meta":"","header-main-stick-meta":"","header-below-stick-meta":"","astra-migrate-meta-layouts":"set","ast-page-background-enabled":"default","ast-page-background-meta":{"desktop":{"background-color":"var(--ast-global-color-5)","background-image":"","background-repeat":"repeat","background-position":"center center","background-size":"auto","background-attachment":"scroll","background-type":"","background-media":"","overlay-type":"","overlay-color":"","overlay-opacity":"","overlay-gradient":""},"tablet":{"background-color":"","background-image":"","background-repeat":"repeat","background-position":"center center","background-size":"auto","background-attachment":"scroll","background-type":"","background-media":"","overlay-type":"","overlay-color":"","overlay-opacity":"","overlay-gradient":""},"mobile":{"background-color":"","background-image":"","background-repeat":"repeat","background-position":"center center","background-size":"auto","background-attachment":"scroll","background-type":"","background-media":"","overlay-type":"","overlay-color":"","overlay-opacity":"","overlay-gradient":""}},"ast-content-background-meta":{"desktop":{"background-color":"var(--ast-global-color-4)","background-image":"","background-repeat":"repeat","background-position":"center center","background-size":"auto","background-attachment":"scroll","background-type":"","background-media":"","overlay-type":"","overlay-color":"","overlay-opacity":"","overlay-gradient":""},"tablet":{"background-color":"var(--ast-global-color-4)","background-image":"","background-repeat":"repeat","background-position":"center center","background-size":"auto","background-attachment":"scroll","background-type":"","background-media":"","overlay-type":"","overlay-color":"","overlay-opacity":"","overlay-gradient":""},"mobile":{"background-color":"var(--ast-global-color-4)","background-image":"","background-repeat":"repeat","background-position":"center center","background-size":"auto","background-attachment":"scroll","background-type":"","background-media":"","overlay-type":"","overlay-color":"","overlay-opacity":"","overlay-gradient":""}}},"product_brand":[],"product_cat":[38,83],"product_tag":[],"class_list":{"0":"post-6245","1":"product","2":"type-product","3":"status-publish","4":"has-post-thumbnail","6":"product_cat-safates-salat","7":"product_cat-toda-la-carta","8":"desktop-align-left","9":"tablet-align-left","10":"mobile-align-left","12":"first","13":"instock","14":"taxable","15":"shipping-taxable","16":"purchasable","17":"product-type-simple"},"_links":{"self":[{"href":"https:\/\/simpatic.cat\/es\/wp-json\/wp\/v2\/product\/6245","targetHints":{"allow":["GET"]}}],"collection":[{"href":"https:\/\/simpatic.cat\/es\/wp-json\/wp\/v2\/product"}],"about":[{"href":"https:\/\/simpatic.cat\/es\/wp-json\/wp\/v2\/types\/product"}],"wp:featuredmedia":[{"embeddable":true,"href":"https:\/\/simpatic.cat\/es\/wp-json\/wp\/v2\/media\/8488"}],"wp:attachment":[{"href":"https:\/\/simpatic.cat\/es\/wp-json\/wp\/v2\/media?parent=6245"}],"wp:term":[{"taxonomy":"product_brand","embeddable":true,"href":"https:\/\/simpatic.cat\/es\/wp-json\/wp\/v2\/product_brand?post=6245"},{"taxonomy":"product_cat","embeddable":true,"href":"https:\/\/simpatic.cat\/es\/wp-json\/wp\/v2\/product_cat?post=6245"},{"taxonomy":"product_tag","embeddable":true,"href":"https:\/\/simpatic.cat\/es\/wp-json\/wp\/v2\/product_tag?post=6245"}],"curies":[{"name":"wp","href":"https:\/\/api.w.org\/{rel}","templated":true}]}}