{"id":6238,"date":"2024-11-07T15:12:45","date_gmt":"2024-11-07T14:12:45","guid":{"rendered":"https:\/\/simpatic.cat\/?post_type=product&#038;p=6238"},"modified":"2026-04-22T14:18:14","modified_gmt":"2026-04-22T13:18:14","slug":"bandeja-palmeritas","status":"publish","type":"product","link":"https:\/\/simpatic.cat\/es\/producto\/bandeja-palmeritas\/","title":{"rendered":"BANDEJA PALMERITAS"},"content":{"rendered":"<p>Safata de 24 mini palmeretes de massa de full cruixent i caramel\u00b7litzada, presentades en tres varietats: 8 banyades en xocolata negra, 8 en xocolata blanca i 8 en la seva versi\u00f3 cl\u00e0ssica. La combinaci\u00f3 dels tres colors en safata les fa visualment molt vistoses, col\u00b7locades en fileres ben ordenades sobre la safata Simp\u00e0tic. Textura lleugera i cruixent a cada mos, amb aquell punt dol\u00e7 del full ben cuit al forn.<\/p>\n<p>Al\u00e9rgenos: gluten, lactosa y huevo.<\/p>","protected":false},"excerpt":{"rendered":"<p>Safata de 24 mini palmeretes de massa de full cruixent i caramel\u00b7litzada, presentades en tres varietats: 8 banyades en xocolata [&hellip;]<\/p>\n","protected":false},"featured_media":8455,"template":"","meta":{"site-sidebar-layout":"default","site-content-layout":"","ast-site-content-layout":"default","site-content-style":"default","site-sidebar-style":"default","ast-global-header-display":"","ast-banner-title-visibility":"","ast-main-header-display":"","ast-hfb-above-header-display":"","ast-hfb-below-header-display":"","ast-hfb-mobile-header-display":"","site-post-title":"","ast-breadcrumbs-content":"","ast-featured-img":"","footer-sml-layout":"","theme-transparent-header-meta":"default","adv-header-id-meta":"","stick-header-meta":"","header-above-stick-meta":"","header-main-stick-meta":"","header-below-stick-meta":"","astra-migrate-meta-layouts":"set","ast-page-background-enabled":"default","ast-page-background-meta":{"desktop":{"background-color":"var(--ast-global-color-5)","background-image":"","background-repeat":"repeat","background-position":"center center","background-size":"auto","background-attachment":"scroll","background-type":"","background-media":"","overlay-type":"","overlay-color":"","overlay-opacity":"","overlay-gradient":""},"tablet":{"background-color":"","background-image":"","background-repeat":"repeat","background-position":"center center","background-size":"auto","background-attachment":"scroll","background-type":"","background-media":"","overlay-type":"","overlay-color":"","overlay-opacity":"","overlay-gradient":""},"mobile":{"background-color":"","background-image":"","background-repeat":"repeat","background-position":"center center","background-size":"auto","background-attachment":"scroll","background-type":"","background-media":"","overlay-type":"","overlay-color":"","overlay-opacity":"","overlay-gradient":""}},"ast-content-background-meta":{"desktop":{"background-color":"var(--ast-global-color-4)","background-image":"","background-repeat":"repeat","background-position":"center center","background-size":"auto","background-attachment":"scroll","background-type":"","background-media":"","overlay-type":"","overlay-color":"","overlay-opacity":"","overlay-gradient":""},"tablet":{"background-color":"var(--ast-global-color-4)","background-image":"","background-repeat":"repeat","background-position":"center center","background-size":"auto","background-attachment":"scroll","background-type":"","background-media":"","overlay-type":"","overlay-color":"","overlay-opacity":"","overlay-gradient":""},"mobile":{"background-color":"var(--ast-global-color-4)","background-image":"","background-repeat":"repeat","background-position":"center center","background-size":"auto","background-attachment":"scroll","background-type":"","background-media":"","overlay-type":"","overlay-color":"","overlay-opacity":"","overlay-gradient":""}}},"product_brand":[],"product_cat":[39,83],"product_tag":[],"class_list":{"0":"post-6238","1":"product","2":"type-product","3":"status-publish","4":"has-post-thumbnail","6":"product_cat-safates-dolc","7":"product_cat-toda-la-carta","8":"desktop-align-left","9":"tablet-align-left","10":"mobile-align-left","12":"first","13":"instock","14":"taxable","15":"shipping-taxable","16":"purchasable","17":"product-type-simple"},"_links":{"self":[{"href":"https:\/\/simpatic.cat\/es\/wp-json\/wp\/v2\/product\/6238","targetHints":{"allow":["GET"]}}],"collection":[{"href":"https:\/\/simpatic.cat\/es\/wp-json\/wp\/v2\/product"}],"about":[{"href":"https:\/\/simpatic.cat\/es\/wp-json\/wp\/v2\/types\/product"}],"wp:featuredmedia":[{"embeddable":true,"href":"https:\/\/simpatic.cat\/es\/wp-json\/wp\/v2\/media\/8455"}],"wp:attachment":[{"href":"https:\/\/simpatic.cat\/es\/wp-json\/wp\/v2\/media?parent=6238"}],"wp:term":[{"taxonomy":"product_brand","embeddable":true,"href":"https:\/\/simpatic.cat\/es\/wp-json\/wp\/v2\/product_brand?post=6238"},{"taxonomy":"product_cat","embeddable":true,"href":"https:\/\/simpatic.cat\/es\/wp-json\/wp\/v2\/product_cat?post=6238"},{"taxonomy":"product_tag","embeddable":true,"href":"https:\/\/simpatic.cat\/es\/wp-json\/wp\/v2\/product_tag?post=6238"}],"curies":[{"name":"wp","href":"https:\/\/api.w.org\/{rel}","templated":true}]}}