{"id":6232,"date":"2024-11-07T15:03:08","date_gmt":"2024-11-07T14:03:08","guid":{"rendered":"https:\/\/simpatic.cat\/?post_type=product&#038;p=6232"},"modified":"2026-04-22T11:01:59","modified_gmt":"2026-04-22T10:01:59","slug":"pack-mini-berenar","status":"publish","type":"product","link":"https:\/\/simpatic.cat\/es\/producto\/pack-mini-berenar\/","title":{"rendered":"PACK MINI MERIENDA"},"content":{"rendered":"<p>Pack de 4 safates per a 12 persones amb predomini dol\u00e7 i un toc salat, pensat per a qui vol una taula amb varietat, color i aquell equilibri just entre el gol\u00f3s i el contundent. Una proposta perfecta per a celebracions, berenars o qualsevol reuni\u00f3 on el dol\u00e7 ha de brillar sense renunciar a un bon mos salat. Inclou:<\/p>\n<ul>\n<li>1 safata Simp\u00e0tic York de brioixos amb mantequilla, pernil dol\u00e7 i formatge<\/li>\n<li>1 safata Toscana de porcions de pizza variades<\/li>\n<li>1 safata Croissants de mini croissants en tres varietats: xocolata negra, xocolata blanca i cl\u00e0ssic<\/li>\n<li>1 safata Mini Simp\u00e0tics de mini croissants farcits de festuc, Lotus i Nutella<\/li>\n<\/ul>\n<p>Tot en safates Simp\u00e0tic a punt per posar a la taula.<br \/>\nAl\u00e9rgenos: gluten, lactosa y huevo.<\/p>","protected":false},"excerpt":{"rendered":"<p>Pack de 4 safates per a 12 persones amb predomini dol\u00e7 i un toc salat, pensat per a qui vol [&hellip;]<\/p>\n","protected":false},"featured_media":8486,"template":"","meta":{"site-sidebar-layout":"default","site-content-layout":"","ast-site-content-layout":"default","site-content-style":"default","site-sidebar-style":"default","ast-global-header-display":"","ast-banner-title-visibility":"","ast-main-header-display":"","ast-hfb-above-header-display":"","ast-hfb-below-header-display":"","ast-hfb-mobile-header-display":"","site-post-title":"","ast-breadcrumbs-content":"","ast-featured-img":"","footer-sml-layout":"","theme-transparent-header-meta":"default","adv-header-id-meta":"","stick-header-meta":"","header-above-stick-meta":"","header-main-stick-meta":"","header-below-stick-meta":"","astra-migrate-meta-layouts":"set","ast-page-background-enabled":"default","ast-page-background-meta":{"desktop":{"background-color":"var(--ast-global-color-5)","background-image":"","background-repeat":"repeat","background-position":"center center","background-size":"auto","background-attachment":"scroll","background-type":"","background-media":"","overlay-type":"","overlay-color":"","overlay-opacity":"","overlay-gradient":""},"tablet":{"background-color":"","background-image":"","background-repeat":"repeat","background-position":"center center","background-size":"auto","background-attachment":"scroll","background-type":"","background-media":"","overlay-type":"","overlay-color":"","overlay-opacity":"","overlay-gradient":""},"mobile":{"background-color":"","background-image":"","background-repeat":"repeat","background-position":"center center","background-size":"auto","background-attachment":"scroll","background-type":"","background-media":"","overlay-type":"","overlay-color":"","overlay-opacity":"","overlay-gradient":""}},"ast-content-background-meta":{"desktop":{"background-color":"var(--ast-global-color-4)","background-image":"","background-repeat":"repeat","background-position":"center center","background-size":"auto","background-attachment":"scroll","background-type":"","background-media":"","overlay-type":"","overlay-color":"","overlay-opacity":"","overlay-gradient":""},"tablet":{"background-color":"var(--ast-global-color-4)","background-image":"","background-repeat":"repeat","background-position":"center center","background-size":"auto","background-attachment":"scroll","background-type":"","background-media":"","overlay-type":"","overlay-color":"","overlay-opacity":"","overlay-gradient":""},"mobile":{"background-color":"var(--ast-global-color-4)","background-image":"","background-repeat":"repeat","background-position":"center center","background-size":"auto","background-attachment":"scroll","background-type":"","background-media":"","overlay-type":"","overlay-color":"","overlay-opacity":"","overlay-gradient":""}}},"product_brand":[],"product_cat":[15,43,83],"product_tag":[],"class_list":{"0":"post-6232","1":"product","2":"type-product","3":"status-publish","4":"has-post-thumbnail","6":"product_cat-bandeja-pack","7":"product_cat-packs-simpatic","8":"product_cat-toda-la-carta","9":"desktop-align-left","10":"tablet-align-left","11":"mobile-align-left","13":"first","14":"instock","15":"featured","16":"taxable","17":"shipping-taxable","18":"purchasable","19":"product-type-simple"},"_links":{"self":[{"href":"https:\/\/simpatic.cat\/es\/wp-json\/wp\/v2\/product\/6232","targetHints":{"allow":["GET"]}}],"collection":[{"href":"https:\/\/simpatic.cat\/es\/wp-json\/wp\/v2\/product"}],"about":[{"href":"https:\/\/simpatic.cat\/es\/wp-json\/wp\/v2\/types\/product"}],"wp:featuredmedia":[{"embeddable":true,"href":"https:\/\/simpatic.cat\/es\/wp-json\/wp\/v2\/media\/8486"}],"wp:attachment":[{"href":"https:\/\/simpatic.cat\/es\/wp-json\/wp\/v2\/media?parent=6232"}],"wp:term":[{"taxonomy":"product_brand","embeddable":true,"href":"https:\/\/simpatic.cat\/es\/wp-json\/wp\/v2\/product_brand?post=6232"},{"taxonomy":"product_cat","embeddable":true,"href":"https:\/\/simpatic.cat\/es\/wp-json\/wp\/v2\/product_cat?post=6232"},{"taxonomy":"product_tag","embeddable":true,"href":"https:\/\/simpatic.cat\/es\/wp-json\/wp\/v2\/product_tag?post=6232"}],"curies":[{"name":"wp","href":"https:\/\/api.w.org\/{rel}","templated":true}]}}