{"id":6206,"date":"2024-11-07T14:39:43","date_gmt":"2024-11-07T13:39:43","guid":{"rendered":"https:\/\/simpatic.cat\/?post_type=product&#038;p=6206"},"modified":"2026-04-22T10:06:36","modified_gmt":"2026-04-22T09:06:36","slug":"pack-simpatico","status":"publish","type":"product","link":"https:\/\/simpatic.cat\/es\/producto\/pack-simpatico\/","title":{"rendered":"PACK SIMP\u00c0TIC"},"content":{"rendered":"<p>Pack de 8 safates per a 14 persones amb una selecci\u00f3 variada de salat i dol\u00e7. Inclou:<\/p>\n<ul>\n<li>1 safata Garraf d&#8217;entrepans rodons de fuet, botifarra i formatge amb oli i tom\u00e0quet<\/li>\n<li>1 safata Simp\u00e0tic York de brioixos amb mantequilla, pernil dol\u00e7 i formatge<\/li>\n<li>1 safata Quiches d&#8217;espinacs i bacon<\/li>\n<li>1 safata Toscana de porcions de pizza variades<\/li>\n<li>1 safata Tradicional amb Cabra de coca de recapte amb escalivada i formatge de cabra<\/li>\n<li>1 safata Saludable de sandvitxos de pa de motlle variats<\/li>\n<li>1 safata de mini cheesecakes amb melmelada de maduixes i pr\u00e9ssec<\/li>\n<li>1 safata de mini palmeretes en tres varietats: xocolata negra, xocolata blanca i cl\u00e0ssica<\/li>\n<\/ul>\n<p>Tot en safates Simp\u00e0tic a punt per posar a la taula.<br \/>\nAl\u00b7l\u00e8rgens: gluten, lactosa, ou, peix, crustacis i soja.<\/p>","protected":false},"excerpt":{"rendered":"<p>Pack de 8 safates per a 14 persones amb una selecci\u00f3 variada de salat i dol\u00e7. Inclou: 1 safata Garraf [&hellip;]<\/p>\n","protected":false},"featured_media":8497,"template":"","meta":{"site-sidebar-layout":"default","site-content-layout":"","ast-site-content-layout":"default","site-content-style":"default","site-sidebar-style":"default","ast-global-header-display":"","ast-banner-title-visibility":"","ast-main-header-display":"","ast-hfb-above-header-display":"","ast-hfb-below-header-display":"","ast-hfb-mobile-header-display":"","site-post-title":"","ast-breadcrumbs-content":"","ast-featured-img":"","footer-sml-layout":"","theme-transparent-header-meta":"default","adv-header-id-meta":"","stick-header-meta":"","header-above-stick-meta":"","header-main-stick-meta":"","header-below-stick-meta":"","astra-migrate-meta-layouts":"set","ast-page-background-enabled":"default","ast-page-background-meta":{"desktop":{"background-color":"var(--ast-global-color-5)","background-image":"","background-repeat":"repeat","background-position":"center center","background-size":"auto","background-attachment":"scroll","background-type":"","background-media":"","overlay-type":"","overlay-color":"","overlay-opacity":"","overlay-gradient":""},"tablet":{"background-color":"","background-image":"","background-repeat":"repeat","background-position":"center center","background-size":"auto","background-attachment":"scroll","background-type":"","background-media":"","overlay-type":"","overlay-color":"","overlay-opacity":"","overlay-gradient":""},"mobile":{"background-color":"","background-image":"","background-repeat":"repeat","background-position":"center center","background-size":"auto","background-attachment":"scroll","background-type":"","background-media":"","overlay-type":"","overlay-color":"","overlay-opacity":"","overlay-gradient":""}},"ast-content-background-meta":{"desktop":{"background-color":"var(--ast-global-color-4)","background-image":"","background-repeat":"repeat","background-position":"center center","background-size":"auto","background-attachment":"scroll","background-type":"","background-media":"","overlay-type":"","overlay-color":"","overlay-opacity":"","overlay-gradient":""},"tablet":{"background-color":"var(--ast-global-color-4)","background-image":"","background-repeat":"repeat","background-position":"center center","background-size":"auto","background-attachment":"scroll","background-type":"","background-media":"","overlay-type":"","overlay-color":"","overlay-opacity":"","overlay-gradient":""},"mobile":{"background-color":"var(--ast-global-color-4)","background-image":"","background-repeat":"repeat","background-position":"center center","background-size":"auto","background-attachment":"scroll","background-type":"","background-media":"","overlay-type":"","overlay-color":"","overlay-opacity":"","overlay-gradient":""}}},"product_brand":[],"product_cat":[43,83],"product_tag":[],"class_list":{"0":"post-6206","1":"product","2":"type-product","3":"status-publish","4":"has-post-thumbnail","6":"product_cat-packs-simpatic","7":"product_cat-toda-la-carta","8":"desktop-align-left","9":"tablet-align-left","10":"mobile-align-left","12":"first","13":"instock","14":"featured","15":"taxable","16":"shipping-taxable","17":"purchasable","18":"product-type-simple"},"_links":{"self":[{"href":"https:\/\/simpatic.cat\/es\/wp-json\/wp\/v2\/product\/6206","targetHints":{"allow":["GET"]}}],"collection":[{"href":"https:\/\/simpatic.cat\/es\/wp-json\/wp\/v2\/product"}],"about":[{"href":"https:\/\/simpatic.cat\/es\/wp-json\/wp\/v2\/types\/product"}],"wp:featuredmedia":[{"embeddable":true,"href":"https:\/\/simpatic.cat\/es\/wp-json\/wp\/v2\/media\/8497"}],"wp:attachment":[{"href":"https:\/\/simpatic.cat\/es\/wp-json\/wp\/v2\/media?parent=6206"}],"wp:term":[{"taxonomy":"product_brand","embeddable":true,"href":"https:\/\/simpatic.cat\/es\/wp-json\/wp\/v2\/product_brand?post=6206"},{"taxonomy":"product_cat","embeddable":true,"href":"https:\/\/simpatic.cat\/es\/wp-json\/wp\/v2\/product_cat?post=6206"},{"taxonomy":"product_tag","embeddable":true,"href":"https:\/\/simpatic.cat\/es\/wp-json\/wp\/v2\/product_tag?post=6206"}],"curies":[{"name":"wp","href":"https:\/\/api.w.org\/{rel}","templated":true}]}}